{"id":13,"date":"2022-09-25T22:46:13","date_gmt":"2022-09-25T20:46:13","guid":{"rendered":"http:\/\/helb-rp.be\/?page_id=13"},"modified":"2023-09-14T12:19:48","modified_gmt":"2023-09-14T10:19:48","slug":"bonnes-pratiques","status":"publish","type":"page","link":"https:\/\/helb-rp.be\/index.php\/bonnes-pratiques\/","title":{"rendered":"Bonnes pratiques"},"content":{"rendered":"\n<p>\/<\/p>\n\n\n\n<ol class=\"wp-block-list\" type=\"1\">\n<li>Rappel des p\u00e9riodes de travail: <strong>14\/09 au jeudi 30\/10\/2023 \u00e0 23h59<\/strong>. Ceci est <strong>IMP\u00c9RATIF<\/strong>. Pour ne pas avoir tout \u00e0 la derni\u00e8re minute. Tout article post\u00e9 apr\u00e8s cette date sera mis dans la corbeille.<\/li>\n\n\n\n<li>Minimum dix articles et dix commentaires. Il peut s&rsquo;agir de vid\u00e9o en fran\u00e7ais ou de slideshares.<\/li>\n\n\n\n<li>Les articles trop anecdotiques ainsi que les publireportages et autres promotions de produit ne seront pas accept\u00e9s.<\/li>\n\n\n\n<li>Chaque article doit reprendre un lien hypertexte vers la source internet (article, vid\u00e9o, podcast..). Mais les forums ne sont pas accept\u00e9s.<\/li>\n\n\n\n<li>Si la source n&rsquo;est pas clairement cit\u00e9e, l&rsquo;article ne sera pas publi\u00e9.<\/li>\n\n\n\n<li>Le plus souvent, l&rsquo;article source ne doit pas \u00eatre plus vieux que 3 ann\u00e9es depuis le 01\/01\/20N.<\/li>\n\n\n\n<li>Un max. de 2 articles du m\u00eame site sera accept\u00e9, par \u00e9tudiant<\/li>\n\n\n\n<li>Un max. de 2 articles en anglais sera autoris\u00e9 mais le r\u00e9sum\u00e9 sera obligatoirement en fran\u00e7ais sous peine de non acceptation<\/li>\n\n\n\n<li>Bien indiquer la cat\u00e9gorie, ne pas oublier d\u2019indiquer les mots cl\u00e9s de l\u2019article, ni d\u2019accepter les commentaires.<\/li>\n\n\n\n<li>Le blog ne sera pas accessible les 24h qui entourent la s\u00e9ance de cours<\/li>\n<\/ol>\n\n\n\n<p>Et voici <a href=\"http:\/\/helb-rp.be\/index.php\/2022\/11\/05\/sxo-ou-search-experience-optimization-le-successeur-du-seo\/\">un bon article<\/a> \u00e0 titre d&rsquo;exemple.<\/p>\n","protected":false},"excerpt":{"rendered":"<p>\/ Et voici un bon article \u00e0 titre d&rsquo;exemple.<\/p>\n","protected":false},"author":1,"featured_media":0,"parent":0,"menu_order":0,"comment_status":"closed","ping_status":"closed","template":"","meta":{"_themeisle_gutenberg_block_has_review":false,"footnotes":""},"class_list":["post-13","page","type-page","status-publish","hentry"],"_links":{"self":[{"href":"https:\/\/helb-rp.be\/index.php\/wp-json\/wp\/v2\/pages\/13","targetHints":{"allow":["GET"]}}],"collection":[{"href":"https:\/\/helb-rp.be\/index.php\/wp-json\/wp\/v2\/pages"}],"about":[{"href":"https:\/\/helb-rp.be\/index.php\/wp-json\/wp\/v2\/types\/page"}],"author":[{"embeddable":true,"href":"https:\/\/helb-rp.be\/index.php\/wp-json\/wp\/v2\/users\/1"}],"replies":[{"embeddable":true,"href":"https:\/\/helb-rp.be\/index.php\/wp-json\/wp\/v2\/comments?post=13"}],"version-history":[{"count":7,"href":"https:\/\/helb-rp.be\/index.php\/wp-json\/wp\/v2\/pages\/13\/revisions"}],"predecessor-version":[{"id":543,"href":"https:\/\/helb-rp.be\/index.php\/wp-json\/wp\/v2\/pages\/13\/revisions\/543"}],"wp:attachment":[{"href":"https:\/\/helb-rp.be\/index.php\/wp-json\/wp\/v2\/media?parent=13"}],"curies":[{"name":"wp","href":"https:\/\/api.w.org\/{rel}","templated":true}]}}