{"id":2,"date":"2022-09-20T00:28:29","date_gmt":"2022-09-19T22:28:29","guid":{"rendered":"http:\/\/helb-rp.be\/?page_id=2"},"modified":"2023-09-13T22:41:01","modified_gmt":"2023-09-13T20:41:01","slug":"page-d-exemple","status":"publish","type":"page","link":"https:\/\/helb-rp.be\/","title":{"rendered":"Bonjour"},"content":{"rendered":"\n<blockquote class=\"wp-block-quote is-layout-flow wp-block-quote-is-layout-flow\">\n<p><\/p>\n\n\n\n<p> Voici l&rsquo;espace de collecte des articles que vous aurez glan\u00e9s au fil de vos recherches sur le web.<\/p>\n\n\n\n<p>Pour rappel, voici les 4 th\u00e8mes propos\u00e9s<\/p>\n\n\n\n<p>&#8211; Qu&rsquo;est-ce que l&rsquo;AMP dans un contexte de r\u00e9f\u00e9rencement? Expliquez et d\u00e9veloppez.<\/p>\n\n\n\n<p>&#8211; Faut-il se m\u00e9fier des bulles de filtre?<\/p>\n\n\n\n<p>&#8211;  Quels impacts (+ ou -) de l&rsquo;IA sur le webmarketing?<\/p>\n\n\n\n<p>&#8211; Qu&rsquo;est ce que le marketinf d&rsquo;influence?<\/p>\n\n\n\n<p>N&rsquo;oubliez pas d&rsquo;appliquer les <a href=\"http:\/\/helb-rp.be\/index.php\/bonnes-pratiques\/\">bonnes pratiques<\/a> de r\u00e9daction \u00e0 vos articles<\/p>\n<\/blockquote>\n\n\n\n<p><\/p>\n","protected":false},"excerpt":{"rendered":"<p>Voici l&rsquo;espace de collecte des articles que vous aurez glan\u00e9s au fil de vos recherches sur le web. Pour rappel, voici les 4 th\u00e8mes propos\u00e9s &#8211; Qu&rsquo;est-ce que l&rsquo;AMP dans un contexte de r\u00e9f\u00e9rencement? Expliquez et d\u00e9veloppez. &#8211; Faut-il se &hellip; <a href=\"https:\/\/helb-rp.be\/\">Continuer la lecture <span class=\"meta-nav\">&rarr;<\/span><\/a><\/p>\n","protected":false},"author":1,"featured_media":0,"parent":0,"menu_order":0,"comment_status":"closed","ping_status":"open","template":"","meta":{"_themeisle_gutenberg_block_has_review":false,"footnotes":""},"class_list":["post-2","page","type-page","status-publish","hentry"],"_links":{"self":[{"href":"https:\/\/helb-rp.be\/index.php\/wp-json\/wp\/v2\/pages\/2","targetHints":{"allow":["GET"]}}],"collection":[{"href":"https:\/\/helb-rp.be\/index.php\/wp-json\/wp\/v2\/pages"}],"about":[{"href":"https:\/\/helb-rp.be\/index.php\/wp-json\/wp\/v2\/types\/page"}],"author":[{"embeddable":true,"href":"https:\/\/helb-rp.be\/index.php\/wp-json\/wp\/v2\/users\/1"}],"replies":[{"embeddable":true,"href":"https:\/\/helb-rp.be\/index.php\/wp-json\/wp\/v2\/comments?post=2"}],"version-history":[{"count":6,"href":"https:\/\/helb-rp.be\/index.php\/wp-json\/wp\/v2\/pages\/2\/revisions"}],"predecessor-version":[{"id":530,"href":"https:\/\/helb-rp.be\/index.php\/wp-json\/wp\/v2\/pages\/2\/revisions\/530"}],"wp:attachment":[{"href":"https:\/\/helb-rp.be\/index.php\/wp-json\/wp\/v2\/media?parent=2"}],"curies":[{"name":"wp","href":"https:\/\/api.w.org\/{rel}","templated":true}]}}